{"id":320,"date":"2020-08-02T11:51:22","date_gmt":"2020-08-02T11:51:22","guid":{"rendered":"https:\/\/georgemihaila.ro\/?page_id=320"},"modified":"2020-08-02T12:08:45","modified_gmt":"2020-08-02T12:08:45","slug":"terms-and-conditions","status":"publish","type":"page","link":"https:\/\/georgemihaila.ro\/en\/terms-and-conditions\/","title":{"rendered":"Terms and conditions"},"content":{"rendered":"<div data-elementor-type=\"wp-page\" data-elementor-id=\"320\" class=\"elementor elementor-320\">\n\t\t\t\t\t\t<section class=\"elementor-section elementor-top-section elementor-element elementor-element-d624342 elementor-section-boxed elementor-section-height-default elementor-section-height-default\" data-id=\"d624342\" data-element_type=\"section\">\n\t\t\t\t\t\t<div class=\"elementor-container elementor-column-gap-default\">\n\t\t\t\t\t<div class=\"elementor-column elementor-col-100 elementor-top-column elementor-element elementor-element-b5e02e5\" data-id=\"b5e02e5\" data-element_type=\"column\">\n\t\t\t<div class=\"elementor-widget-wrap elementor-element-populated\">\n\t\t\t\t\t\t<div class=\"elementor-element elementor-element-76532ab elementor-widget elementor-widget-heading\" data-id=\"76532ab\" data-element_type=\"widget\" data-widget_type=\"heading.default\">\n\t\t\t\t<div class=\"elementor-widget-container\">\n\t\t\t<h2 class=\"elementor-heading-title elementor-size-default\">Terms and conditions<\/h2>\t\t<\/div>\n\t\t\t\t<\/div>\n\t\t\t\t<div class=\"elementor-element elementor-element-3c57740 elementor-widget elementor-widget-spacer\" data-id=\"3c57740\" data-element_type=\"widget\" data-widget_type=\"spacer.default\">\n\t\t\t\t<div class=\"elementor-widget-container\">\n\t\t\t\t\t<div class=\"elementor-spacer\">\n\t\t\t<div class=\"elementor-spacer-inner\"><\/div>\n\t\t<\/div>\n\t\t\t\t<\/div>\n\t\t\t\t<\/div>\n\t\t\t\t<div class=\"elementor-element elementor-element-a63cad8 elementor-widget elementor-widget-text-editor\" data-id=\"a63cad8\" data-element_type=\"widget\" data-widget_type=\"text-editor.default\">\n\t\t\t\t<div class=\"elementor-widget-container\">\n\t\t\t\t\t\t\t<p><strong>1. Terms<\/strong><\/p><p>By accessing the website at http:\/\/georgemihaila.ro, you are agreeing to be bound by these terms of service, all applicable laws and regulations, and agree that you are responsible for compliance with any applicable local laws. If you do not agree with any of these terms, you are prohibited from using or accessing this site. The materials contained in this website are protected by applicable copyright and trademark law.<\/p><p>\u00a0<\/p><p><br \/><strong>2. Use Licence<\/strong><\/p><p>Permission is granted to temporarily download one copy of the materials (information or software) on George Mih\u0103il\u0103&#8217;s website for personal, non-commercial transitory viewing only. This is the grant of a licence, not a transfer of title, and under this licence you may not:<\/p><p>modify or copy the materials;<br \/>use the materials for any commercial purpose, or for any public display (commercial or non-commercial);<br \/>attempt to decompile or reverse engineer any software contained on George Mih\u0103il\u0103&#8217;s website;<br \/>remove any copyright or other proprietary notations from the materials; or<br \/>transfer the materials to another person or &#8222;mirror&#8221; the materials on any other server.<\/p><p>This licence shall automatically terminate if you violate any of these restrictions and may be terminated by George Mih\u0103il\u0103 at any time. Upon terminating your viewing of these materials or upon the termination of this licence, you must destroy any downloaded materials in your possession whether in electronic or printed format.<\/p><p>\u00a0<\/p><p><strong>3. Disclaimer<\/strong><\/p><p>The materials on George Mih\u0103il\u0103&#8217;s website are provided on an &#8216;as is&#8217; basis. George Mih\u0103il\u0103 makes no warranties, expressed or implied, and hereby disclaims and negates all other warranties including, without limitation, implied warranties or conditions of merchantability, fitness for a particular purpose, or non-infringement of intellectual property or other violation of rights.<br \/>Further, George Mih\u0103il\u0103 does not warrant or make any representations concerning the accuracy, likely results, or reliability of the use of the materials on its website or otherwise relating to such materials or on any sites linked to this site.<\/p><p>\u00a0<\/p><p><strong>4. Limitations<\/strong><\/p><p>In no event shall George Mih\u0103il\u0103 or its suppliers be liable for any damages (including, without limitation, damages for loss of data or profit, or due to business interruption) arising out of the use or inability to use the materials on George Mih\u0103il\u0103&#8217;s website, even if George Mih\u0103il\u0103 or a George Mih\u0103il\u0103 authorised representative has been notified orally or in writing of the possibility of such damage. Because some jurisdictions do not allow limitations on implied warranties, or limitations of liability for consequential or incidental damages, these limitations may not apply to you.<\/p><p>\u00a0<\/p><p><strong>5. Accuracy of materials<\/strong><\/p><p><br \/>The materials appearing on George Mih\u0103il\u0103&#8217;s website could include technical, typographical, or photographic errors. George Mih\u0103il\u0103 does not warrant that any of the materials on its website are accurate, complete or current. George Mih\u0103il\u0103 may make changes to the materials contained on its website at any time without notice. However George Mih\u0103il\u0103 does not make any commitment to update the materials.<\/p><p>\u00a0<\/p><p><strong>6. Links<\/strong><\/p><p>George Mih\u0103il\u0103 has not reviewed all of the sites linked to its website and is not responsible for the contents of any such linked site. The inclusion of any link does not imply endorsement by George Mih\u0103il\u0103 of the site. Use of any such linked website is at the user&#8217;s own risk.<\/p><p>\u00a0<\/p><p><strong>7. Modifications<\/strong><\/p><p><br \/>George Mih\u0103il\u0103 may revise these terms of service for its website at any time without notice. By using this website you are agreeing to be bound by the then current version of these terms of service.<\/p><p>\u00a0<\/p><p><strong>8. Governing Law<\/strong><\/p><p>These terms and conditions are governed by and construed in accordance with the laws of Romania and you irrevocably submit to the exclusive jurisdiction of the courts in that State or location.<\/p>\t\t\t\t\t\t<\/div>\n\t\t\t\t<\/div>\n\t\t\t\t\t<\/div>\n\t\t<\/div>\n\t\t\t\t\t<\/div>\n\t\t<\/section>\n\t\t\t\t<\/div>","protected":false},"excerpt":{"rendered":"<p>Terms and conditions 1. Terms By accessing the website at http:\/\/georgemihaila.ro, you are agreeing to be bound by these terms of service, all applicable laws and regulations, and agree that you are responsible for compliance with any applicable local laws. If you do not agree with any of these terms, you are prohibited from using [&hellip;]<\/p>\n","protected":false},"author":1,"featured_media":0,"parent":0,"menu_order":0,"comment_status":"closed","ping_status":"closed","template":"elementor_header_footer","meta":[],"jetpack_sharing_enabled":true,"_links":{"self":[{"href":"https:\/\/georgemihaila.ro\/en\/wp-json\/wp\/v2\/pages\/320"}],"collection":[{"href":"https:\/\/georgemihaila.ro\/en\/wp-json\/wp\/v2\/pages"}],"about":[{"href":"https:\/\/georgemihaila.ro\/en\/wp-json\/wp\/v2\/types\/page"}],"author":[{"embeddable":true,"href":"https:\/\/georgemihaila.ro\/en\/wp-json\/wp\/v2\/users\/1"}],"replies":[{"embeddable":true,"href":"https:\/\/georgemihaila.ro\/en\/wp-json\/wp\/v2\/comments?post=320"}],"version-history":[{"count":6,"href":"https:\/\/georgemihaila.ro\/en\/wp-json\/wp\/v2\/pages\/320\/revisions"}],"predecessor-version":[{"id":331,"href":"https:\/\/georgemihaila.ro\/en\/wp-json\/wp\/v2\/pages\/320\/revisions\/331"}],"wp:attachment":[{"href":"https:\/\/georgemihaila.ro\/en\/wp-json\/wp\/v2\/media?parent=320"}],"curies":[{"name":"wp","href":"https:\/\/api.w.org\/{rel}","templated":true}]}}